{"id":2072,"date":"2022-03-23T16:05:05","date_gmt":"2022-03-23T15:05:05","guid":{"rendered":"https:\/\/curatec.lu\/terms-of-use\/"},"modified":"2024-08-22T14:36:32","modified_gmt":"2024-08-22T12:36:32","slug":"terms-of-use","status":"publish","type":"page","link":"https:\/\/curatec.lu\/en\/terms-of-use\/","title":{"rendered":"Terms of use"},"content":{"rendered":"\t\t<div data-elementor-type=\"wp-page\" data-elementor-id=\"2072\" class=\"elementor elementor-2072 elementor-1685\" data-elementor-post-type=\"page\">\n\t\t\t\t<div class=\"elementor-element elementor-element-a3d32c4 e-flex e-con-boxed e-con e-parent\" data-id=\"a3d32c4\" data-element_type=\"container\" data-e-type=\"container\">\n\t\t\t\t\t<div class=\"e-con-inner\">\n\t\t<div class=\"elementor-element elementor-element-8b2e06a e-con-full e-flex e-con e-child\" data-id=\"8b2e06a\" data-element_type=\"container\" data-e-type=\"container\">\n\t\t\t\t<div class=\"elementor-element elementor-element-10bb3e7 elementor-widget elementor-widget-text-editor\" data-id=\"10bb3e7\" data-element_type=\"widget\" data-e-type=\"widget\" data-widget_type=\"text-editor.default\">\n\t\t\t\t<div class=\"elementor-widget-container\">\n\t\t\t\t\t\t\t\t\t<div data-packed=\"true\">\n<h2>Identity<\/h2>\n<p>Responsible for the publication: Olivier Robert<\/p>\n<p>The curatec.lu website is edited by\u00a0<a href=\"https:\/\/damien-normand.fr\/\">damien-normand.fr<\/a>\u00a0SIRET : 85394986500010<\/p>\n<p>Photo credits: Envato Elements<\/p>\n<h2>Hosting<\/h2>\n<p>This site is hosted by the company OVH SAS, 2 rue Kellermann 59100 ROUBAIX.<\/p>\n<h2>Protection of personal data<\/h2>\n<p>The personal data collected on the curatec.lu website is intended for use by CURATEC only. This data will never be passed on to a third party without your prior consent.<\/p>\n<h2>Information on cookies<\/h2>\n<p>CURATEC may use \u201ccookies\u201d. Cookies allow us to recognize you and collect information about your visit to the website (connection time, pages visited, etc.). You may object to the storage of cookies by configuring your browser as follows<\/p>\n<p>For Microsoft Explorer: Choose the \u201cTools\u201d menu, then \u201cInternet Options\u201d Click on the \u201cConfidentiality\u201d tab Select the desired level with the cursor or click on the \u201cAdvanced\u201d button to customize your cookie management.<\/p>\n<p>For Mozilla Firefox: Choose the \u201cTools\u201d menu and click on the \u201cOptions\u201d link under \u201cCookies\u201d.<\/p>\n<p>For Google Chrome: Select Settings, click on Show Advanced Settings, in the \u201cPrivacy\u201d section, click on the Content Settings button.<\/p>\n<p>For Safari: click on the Safari menu, then select Preferences\u2026in the Preferences window, select the Security tab.<\/p>\n<h2>Intellectual Property<\/h2>\n<p>This website is protected by intellectual property laws, including copyrights, designs, trademarks, domain names, patents, know-how, software, and databases. CURATEC and\/or its partners retain ownership of all such content and related rights.<\/p>\n<h2>Personal Data<\/h2>\n<p>In general, you may visit the CURATEC Website without providing any personal information about yourself. You are under no obligation to provide CURATEC with such information.<br \/>\nHowever, if you refuse to provide such information, you may not be able to receive certain information or services you have requested. In some cases, CURATEC may ask you to provide your last name, first name, e-mail address, telephone number, company and position (hereinafter referred to as \u201cPersonal Information\u201d). By providing this information, you expressly agree that it may be processed by CURATEC for the purposes indicated in point 2 below and for the purposes indicated at the end of each form.<br \/>\nIn accordance with the General Data Protection Regulation (GDPR) adopted by the European Parliament on April 14, 2016, and the amended French Data Protection Act of January 6, 1978, CURATEC informs you of the following:<\/p>\n<p>1. Identity of the data controller<br \/>\nThe data controller is CURATEC, whose registered office is located at ZA de Reffye, 20 Rue G\u00e9n\u00e9ral de Reffye, 88000 \u00c9pinal.<\/p>\n<p>2. Purpose of processing<br \/>\nCURATEC may process your Personal Information:<br \/>\n(a) to provide you with the information or services that you have requested (in particular: the sending of newsletters, commercial offers, white papers or the evaluation of your level of compliance via a quiz); and\/or<br \/>\n(b) for the purpose of collecting information that will allow us to improve our Site, our products and services (in particular through the use of cookies); and\/or<br \/>\n(c) to contact you about various events relating to CURATEC, including product updates and customer support.<\/p>\n<p>3. Recipients<br \/>\nCURATEC is the sole recipient of your Personal Information. Your Personal Information, whether in individual or aggregated form, is never transmitted to a third party, notwithstanding the subcontractors that CURATEC uses (for more information on these subcontractors, please see point 7 below). Neither CURATEC nor any of its subcontractors market the personal data of visitors and users of its Website.<\/p>\n<p>4. Duration of storage<br \/>\nCURATEC keeps your Personal Information only for the period of time required to fulfill the purpose for which it was collected, as indicated in point 2 above, and in any event for no longer than 36 months.<\/p>\n<p>5. Data Protection Rights<br \/>\nYou have the following rights concerning your Personal Information, which you may exercise by writing to us at the postal address mentioned in point 1 or by filling in the form opposite.<br \/>\no Right of access and communication of data<br \/>\nYou have the right to access the Personal Information that concerns you.<br \/>\nHowever, in view of CURATEC\u2019s obligation of security and confidentiality in the processing of personal data, you are informed that your request will be processed provided that you can prove your identity, in particular by producing a scan of your valid identity document (in the case of a request made via our dedicated electronic form) or a signed photocopy of your valid identity document (in the case of a request made in writing).<br \/>\nCURATEC informs you that it will have the right, if necessary, to object to requests that are clearly abusive (due to their number, repetitive or systematic nature).<br \/>\nTo assist you in this process, and in particular if you wish to exercise your right of access by sending a written request to the postal address mentioned in point 1, you will find a model letter prepared by the Commission Nationale de l\u2019Informatique et des Libert\u00e9s (the \u201cCNIL\u201d) by clicking on the following link<\/p>\n<p>o Right to rectify data<br \/>\nUnder this right, the law entitles you to request the rectification, updating, blocking or deletion of data concerning you that may be inaccurate, erroneous, incomplete or obsolete.<br \/>\nYou can also define general and specific directives concerning the fate of your personal data after your death. If necessary, the heirs of a deceased person can demand that the death of their loved one be taken into account and\/or that the necessary updates be made.<br \/>\nTo help you in your approach, in particular if you wish to exercise, on your own behalf or on behalf of one of your deceased relatives, your right of rectification by means of a written request to the postal address mentioned in point 1, you will find by clicking on the following link a model letter drawn up by the CNIL.<\/p>\n<p>o Right of opposition<br \/>\nThe exercise of this right is only possible in one of the two following situations:<br \/>\nWhen the exercise of this right is based on legitimate reasons; or<br \/>\nWhen the exercise of this right aims to prevent the data collected from being used for commercial prospecting purposes.<br \/>\nTo help you in your approach, in particular if you wish to exercise your right of opposition by means of a written request addressed to the postal address indicated in point 1, you will find by clicking on the following link a model letter drawn up by the CNIL.<\/p>\n<p>6. Response time<br \/>\nCURATEC undertakes to respond to your request for access, rectification or opposition or any other additional request for information within a reasonable timeframe, which shall not exceed one month from the date of receipt of your request.<\/p>\n<p>7. Authorized service providers and transfer to a third country of the European Union<br \/>\nCURATEC informs you that it has recourse to its authorized service providers to facilitate the collection and processing of the data you have communicated to us. These service providers may be located outside the European Union and may be responsible for the data collected through the various forms on the Website (with the exception of the form allowing you to exercise your rights to privacy, which is provided and operated by CURATEC).<br \/>\nCURATEC has ensured that its service providers provide adequate guarantees and comply with strict conditions regarding confidentiality, use, and data protection. In particular, CURATEC has ensured that there is a legal basis for transferring data to a third country. In this respect, one of our service providers is subject to internal company rules (or \u201cBinding Corporate Rules\u201d) that were approved by the CNIL in 2016, while the others obey not only Standard Contractual Clauses but also the Privacy Shield.<\/p>\n<p>8. Complaint to the competent authority<br \/>\nIf you consider that CURATEC is not complying with its obligations with respect to your Personal Information, you may lodge a complaint or a request with the competent authority. In France, the competent authority is the CNIL, to which you can send a request electronically by clicking on the following link<br \/>\nhttps:\/\/www.cnil.fr\/fr\/plaintes\/internet.<\/p>\n<\/div>\n\t\t\t\t\t\t\t\t<\/div>\n\t\t\t\t<\/div>\n\t\t\t\t<\/div>\n\t\t\t\t\t<\/div>\n\t\t\t\t<\/div>\n\t\t\t\t<\/div>\n\t\t","protected":false},"excerpt":{"rendered":"<p>Identity Responsible for the publication: Olivier Robert The curatec.lu website is edited by\u00a0damien-normand.fr\u00a0SIRET : 85394986500010 Photo credits: Envato Elements Hosting This site is hosted by the company OVH SAS, 2 rue Kellermann 59100 ROUBAIX. Protection of personal data The personal data collected on the curatec.lu website is intended for use by CURATEC only. This data [&hellip;]<\/p>\n","protected":false},"author":1,"featured_media":0,"parent":0,"menu_order":0,"comment_status":"closed","ping_status":"closed","template":"elementor_header_footer","meta":{"_acf_changed":false,"footnotes":""},"class_list":["post-2072","page","type-page","status-publish","hentry"],"acf":[],"yoast_head":"<!-- This site is optimized with the Yoast SEO plugin v27.3 - https:\/\/yoast.com\/product\/yoast-seo-wordpress\/ -->\n<title>Terms of use - Curatec<\/title>\n<meta name=\"robots\" content=\"index, follow, max-snippet:-1, max-image-preview:large, max-video-preview:-1\" \/>\n<link rel=\"canonical\" href=\"https:\/\/curatec.lu\/en\/terms-of-use\/\" \/>\n<meta property=\"og:locale\" content=\"en_US\" \/>\n<meta property=\"og:type\" content=\"article\" \/>\n<meta property=\"og:title\" content=\"Terms of use - Curatec\" \/>\n<meta property=\"og:description\" content=\"Identity Responsible for the publication: Olivier Robert The curatec.lu website is edited by\u00a0damien-normand.fr\u00a0SIRET : 85394986500010 Photo credits: Envato Elements Hosting This site is hosted by the company OVH SAS, 2 rue Kellermann 59100 ROUBAIX. Protection of personal data The personal data collected on the curatec.lu website is intended for use by CURATEC only. This data [&hellip;]\" \/>\n<meta property=\"og:url\" content=\"https:\/\/curatec.lu\/en\/terms-of-use\/\" \/>\n<meta property=\"og:site_name\" content=\"Curatec\" \/>\n<meta property=\"article:modified_time\" content=\"2024-08-22T12:36:32+00:00\" \/>\n<meta name=\"twitter:card\" content=\"summary_large_image\" \/>\n<meta name=\"twitter:label1\" content=\"Est. reading time\" \/>\n\t<meta name=\"twitter:data1\" content=\"6 minutes\" \/>\n<script type=\"application\/ld+json\" class=\"yoast-schema-graph\">{\"@context\":\"https:\\\/\\\/schema.org\",\"@graph\":[{\"@type\":\"WebPage\",\"@id\":\"https:\\\/\\\/curatec.lu\\\/en\\\/terms-of-use\\\/\",\"url\":\"https:\\\/\\\/curatec.lu\\\/en\\\/terms-of-use\\\/\",\"name\":\"Terms of use - Curatec\",\"isPartOf\":{\"@id\":\"https:\\\/\\\/curatec.lu\\\/en\\\/#website\"},\"datePublished\":\"2022-03-23T15:05:05+00:00\",\"dateModified\":\"2024-08-22T12:36:32+00:00\",\"breadcrumb\":{\"@id\":\"https:\\\/\\\/curatec.lu\\\/en\\\/terms-of-use\\\/#breadcrumb\"},\"inLanguage\":\"en-US\",\"potentialAction\":[{\"@type\":\"ReadAction\",\"target\":[\"https:\\\/\\\/curatec.lu\\\/en\\\/terms-of-use\\\/\"]}]},{\"@type\":\"BreadcrumbList\",\"@id\":\"https:\\\/\\\/curatec.lu\\\/en\\\/terms-of-use\\\/#breadcrumb\",\"itemListElement\":[{\"@type\":\"ListItem\",\"position\":1,\"name\":\"Accueil\",\"item\":\"https:\\\/\\\/curatec.lu\\\/en\\\/\"},{\"@type\":\"ListItem\",\"position\":2,\"name\":\"Terms of use\"}]},{\"@type\":\"WebSite\",\"@id\":\"https:\\\/\\\/curatec.lu\\\/en\\\/#website\",\"url\":\"https:\\\/\\\/curatec.lu\\\/en\\\/\",\"name\":\"Curatec\",\"description\":\"Un site utilisant WordPress\",\"potentialAction\":[{\"@type\":\"SearchAction\",\"target\":{\"@type\":\"EntryPoint\",\"urlTemplate\":\"https:\\\/\\\/curatec.lu\\\/en\\\/?s={search_term_string}\"},\"query-input\":{\"@type\":\"PropertyValueSpecification\",\"valueRequired\":true,\"valueName\":\"search_term_string\"}}],\"inLanguage\":\"en-US\"}]}<\/script>\n<!-- \/ Yoast SEO plugin. -->","yoast_head_json":{"title":"Terms of use - Curatec","robots":{"index":"index","follow":"follow","max-snippet":"max-snippet:-1","max-image-preview":"max-image-preview:large","max-video-preview":"max-video-preview:-1"},"canonical":"https:\/\/curatec.lu\/en\/terms-of-use\/","og_locale":"en_US","og_type":"article","og_title":"Terms of use - Curatec","og_description":"Identity Responsible for the publication: Olivier Robert The curatec.lu website is edited by\u00a0damien-normand.fr\u00a0SIRET : 85394986500010 Photo credits: Envato Elements Hosting This site is hosted by the company OVH SAS, 2 rue Kellermann 59100 ROUBAIX. Protection of personal data The personal data collected on the curatec.lu website is intended for use by CURATEC only. This data [&hellip;]","og_url":"https:\/\/curatec.lu\/en\/terms-of-use\/","og_site_name":"Curatec","article_modified_time":"2024-08-22T12:36:32+00:00","twitter_card":"summary_large_image","twitter_misc":{"Est. reading time":"6 minutes"},"schema":{"@context":"https:\/\/schema.org","@graph":[{"@type":"WebPage","@id":"https:\/\/curatec.lu\/en\/terms-of-use\/","url":"https:\/\/curatec.lu\/en\/terms-of-use\/","name":"Terms of use - Curatec","isPartOf":{"@id":"https:\/\/curatec.lu\/en\/#website"},"datePublished":"2022-03-23T15:05:05+00:00","dateModified":"2024-08-22T12:36:32+00:00","breadcrumb":{"@id":"https:\/\/curatec.lu\/en\/terms-of-use\/#breadcrumb"},"inLanguage":"en-US","potentialAction":[{"@type":"ReadAction","target":["https:\/\/curatec.lu\/en\/terms-of-use\/"]}]},{"@type":"BreadcrumbList","@id":"https:\/\/curatec.lu\/en\/terms-of-use\/#breadcrumb","itemListElement":[{"@type":"ListItem","position":1,"name":"Accueil","item":"https:\/\/curatec.lu\/en\/"},{"@type":"ListItem","position":2,"name":"Terms of use"}]},{"@type":"WebSite","@id":"https:\/\/curatec.lu\/en\/#website","url":"https:\/\/curatec.lu\/en\/","name":"Curatec","description":"Un site utilisant WordPress","potentialAction":[{"@type":"SearchAction","target":{"@type":"EntryPoint","urlTemplate":"https:\/\/curatec.lu\/en\/?s={search_term_string}"},"query-input":{"@type":"PropertyValueSpecification","valueRequired":true,"valueName":"search_term_string"}}],"inLanguage":"en-US"}]}},"_links":{"self":[{"href":"https:\/\/curatec.lu\/en\/wp-json\/wp\/v2\/pages\/2072","targetHints":{"allow":["GET"]}}],"collection":[{"href":"https:\/\/curatec.lu\/en\/wp-json\/wp\/v2\/pages"}],"about":[{"href":"https:\/\/curatec.lu\/en\/wp-json\/wp\/v2\/types\/page"}],"author":[{"embeddable":true,"href":"https:\/\/curatec.lu\/en\/wp-json\/wp\/v2\/users\/1"}],"replies":[{"embeddable":true,"href":"https:\/\/curatec.lu\/en\/wp-json\/wp\/v2\/comments?post=2072"}],"version-history":[{"count":0,"href":"https:\/\/curatec.lu\/en\/wp-json\/wp\/v2\/pages\/2072\/revisions"}],"wp:attachment":[{"href":"https:\/\/curatec.lu\/en\/wp-json\/wp\/v2\/media?parent=2072"}],"curies":[{"name":"wp","href":"https:\/\/api.w.org\/{rel}","templated":true}]}}